{"id":207,"date":"2023-01-09T10:28:58","date_gmt":"2023-01-09T09:28:58","guid":{"rendered":"https:\/\/www.hotel-la-signoria.com\/conditions-tarifaires\/"},"modified":"2026-03-27T11:01:32","modified_gmt":"2026-03-27T10:01:32","slug":"condizioni-di-prezzo","status":"publish","type":"page","link":"https:\/\/www.hotel-la-signoria.com\/it\/condizioni-di-prezzo\/","title":{"rendered":"Condizioni tariffarie"},"content":{"rendered":"<div data-elementor-type=\"wp-page\" data-elementor-id=\"207\" class=\"elementor elementor-207\" data-elementor-post-type=\"page\">\n\t\t\t\t\t\t<section class=\"elementor-section elementor-top-section elementor-element elementor-element-05a48c7 elementor-section-full_width elementor-section-height-min-height elementor-section-items-stretch elementor-section-height-default\" data-id=\"05a48c7\" data-element_type=\"section\" data-settings=\"{&quot;background_background&quot;:&quot;classic&quot;}\">\n\t\t\t\t\t\t\t<div class=\"elementor-background-overlay\"><\/div>\n\t\t\t\t\t\t\t<div class=\"elementor-container elementor-column-gap-default\">\n\t\t\t\t\t<div class=\"elementor-column elementor-col-100 elementor-top-column elementor-element elementor-element-3d4634d\" data-id=\"3d4634d\" data-element_type=\"column\">\n\t\t\t<div class=\"elementor-widget-wrap elementor-element-populated\">\n\t\t\t\t\t\t<section class=\"elementor-section elementor-inner-section elementor-element elementor-element-801f4a5 elementor-section-boxed elementor-section-height-default elementor-section-height-default\" data-id=\"801f4a5\" data-element_type=\"section\">\n\t\t\t\t\t\t<div class=\"elementor-container elementor-column-gap-no\">\n\t\t\t\t\t<div class=\"elementor-column elementor-col-100 elementor-inner-column elementor-element elementor-element-d5385fc\" data-id=\"d5385fc\" data-element_type=\"column\">\n\t\t\t<div class=\"elementor-widget-wrap\">\n\t\t\t\t\t\t\t<\/div>\n\t\t<\/div>\n\t\t\t\t\t<\/div>\n\t\t<\/section>\n\t\t\t\t<section class=\"elementor-section elementor-inner-section elementor-element elementor-element-7d8a21d elementor-section-boxed elementor-section-height-default elementor-section-height-default\" data-id=\"7d8a21d\" data-element_type=\"section\">\n\t\t\t\t\t\t<div class=\"elementor-container elementor-column-gap-no\">\n\t\t\t\t\t<div class=\"elementor-column elementor-col-100 elementor-inner-column elementor-element elementor-element-c85e0a0\" data-id=\"c85e0a0\" data-element_type=\"column\">\n\t\t\t<div class=\"elementor-widget-wrap elementor-element-populated\">\n\t\t\t\t\t\t<div class=\"elementor-element elementor-element-bae0032 elementor-widget elementor-widget-heading\" data-id=\"bae0032\" data-element_type=\"widget\" data-widget_type=\"heading.default\">\n\t\t\t\t<div class=\"elementor-widget-container\">\n\t\t\t\t\t<h1 class=\"elementor-heading-title elementor-size-default\">Condizioni tariffarie<\/h1>\t\t\t\t<\/div>\n\t\t\t\t<\/div>\n\t\t\t\t\t<\/div>\n\t\t<\/div>\n\t\t\t\t\t<\/div>\n\t\t<\/section>\n\t\t\t\t<section class=\"elementor-section elementor-inner-section elementor-element elementor-element-e4774be elementor-section-boxed elementor-section-height-default elementor-section-height-default\" data-id=\"e4774be\" data-element_type=\"section\">\n\t\t\t\t\t\t<div class=\"elementor-container elementor-column-gap-default\">\n\t\t\t\t\t<div class=\"elementor-column elementor-col-100 elementor-inner-column elementor-element elementor-element-b9d10f6\" data-id=\"b9d10f6\" data-element_type=\"column\">\n\t\t\t<div class=\"elementor-widget-wrap elementor-element-populated\">\n\t\t\t\t\t\t<div class=\"elementor-element elementor-element-d9e0be8 elementor-view-default elementor-widget elementor-widget-icon\" data-id=\"d9e0be8\" data-element_type=\"widget\" data-widget_type=\"icon.default\">\n\t\t\t\t<div class=\"elementor-widget-container\">\n\t\t\t\t\t\t\t<div class=\"elementor-icon-wrapper\">\n\t\t\t<a class=\"elementor-icon\" href=\"#tocontent\">\n\t\t\t<i aria-hidden=\"true\" class=\"fas fa-chevron-down\"><\/i>\t\t\t<\/a>\n\t\t<\/div>\n\t\t\t\t\t\t<\/div>\n\t\t\t\t<\/div>\n\t\t\t\t\t<\/div>\n\t\t<\/div>\n\t\t\t\t\t<\/div>\n\t\t<\/section>\n\t\t\t\t\t<\/div>\n\t\t<\/div>\n\t\t\t\t\t<\/div>\n\t\t<\/section>\n\t\t\t\t<section class=\"elementor-section elementor-top-section elementor-element elementor-element-19ed0d7 elementor-section-full_width elementor-section-height-default elementor-section-height-default\" data-id=\"19ed0d7\" data-element_type=\"section\">\n\t\t\t\t\t\t<div class=\"elementor-container elementor-column-gap-no\">\n\t\t\t\t\t<div class=\"elementor-column elementor-col-100 elementor-top-column elementor-element elementor-element-3c19f58\" data-id=\"3c19f58\" data-element_type=\"column\">\n\t\t\t<div class=\"elementor-widget-wrap elementor-element-populated\">\n\t\t\t\t\t\t<div class=\"elementor-element elementor-element-e5073cb elementor-widget elementor-widget-spacer\" data-id=\"e5073cb\" data-element_type=\"widget\" data-widget_type=\"spacer.default\">\n\t\t\t\t<div class=\"elementor-widget-container\">\n\t\t\t\t\t\t\t<div class=\"elementor-spacer\">\n\t\t\t<div class=\"elementor-spacer-inner\"><\/div>\n\t\t<\/div>\n\t\t\t\t\t\t<\/div>\n\t\t\t\t<\/div>\n\t\t\t\t<div class=\"elementor-element elementor-element-ee57f09 elementor-widget elementor-widget-menu-anchor\" data-id=\"ee57f09\" data-element_type=\"widget\" data-widget_type=\"menu-anchor.default\">\n\t\t\t\t<div class=\"elementor-widget-container\">\n\t\t\t\t\t\t\t<div class=\"elementor-menu-anchor\" id=\"tocontent\"><\/div>\n\t\t\t\t\t\t<\/div>\n\t\t\t\t<\/div>\n\t\t\t\t\t<\/div>\n\t\t<\/div>\n\t\t\t\t\t<\/div>\n\t\t<\/section>\n\t\t\t\t<section class=\"elementor-section elementor-top-section elementor-element elementor-element-378e52d elementor-section-full_width elementor-section-height-default elementor-section-height-default\" data-id=\"378e52d\" data-element_type=\"section\" data-settings=\"{&quot;background_background&quot;:&quot;classic&quot;}\">\n\t\t\t\t\t\t<div class=\"elementor-container elementor-column-gap-no\">\n\t\t\t\t\t<div class=\"elementor-column elementor-col-100 elementor-top-column elementor-element elementor-element-60dc4f2\" data-id=\"60dc4f2\" data-element_type=\"column\">\n\t\t\t<div class=\"elementor-widget-wrap elementor-element-populated\">\n\t\t\t\t\t\t<section class=\"elementor-section elementor-inner-section elementor-element elementor-element-c49ba3d elementor-section-boxed elementor-section-height-default elementor-section-height-default\" data-id=\"c49ba3d\" data-element_type=\"section\">\n\t\t\t\t\t\t<div class=\"elementor-container elementor-column-gap-default\">\n\t\t\t\t\t<div class=\"elementor-column elementor-col-100 elementor-inner-column elementor-element elementor-element-59220d0\" data-id=\"59220d0\" data-element_type=\"column\">\n\t\t\t<div class=\"elementor-widget-wrap elementor-element-populated\">\n\t\t\t\t\t\t<div class=\"elementor-element elementor-element-4efe7f0 elementor-widget-divider--view-line_icon elementor-view-default elementor-widget-divider--element-align-center elementor-widget elementor-widget-divider\" data-id=\"4efe7f0\" data-element_type=\"widget\" data-widget_type=\"divider.default\">\n\t\t\t\t<div class=\"elementor-widget-container\">\n\t\t\t\t\t\t\t<div class=\"elementor-divider\">\n\t\t\t<span class=\"elementor-divider-separator\">\n\t\t\t\t\t\t\t<div class=\"elementor-icon elementor-divider__element\">\n\t\t\t\t\t<i aria-hidden=\"true\" class=\"icon icon-logo-3\"><\/i><\/div>\n\t\t\t\t\t\t<\/span>\n\t\t<\/div>\n\t\t\t\t\t\t<\/div>\n\t\t\t\t<\/div>\n\t\t\t\t<div class=\"elementor-element elementor-element-accaa08 elementor-widget elementor-widget-heading\" data-id=\"accaa08\" data-element_type=\"widget\" data-widget_type=\"heading.default\">\n\t\t\t\t<div class=\"elementor-widget-container\">\n\t\t\t\t\t<h2 class=\"elementor-heading-title elementor-size-default\">Condizioni tariffarie<\/h2>\t\t\t\t<\/div>\n\t\t\t\t<\/div>\n\t\t\t\t\t<\/div>\n\t\t<\/div>\n\t\t\t\t\t<\/div>\n\t\t<\/section>\n\t\t\t\t<section class=\"elementor-section elementor-inner-section elementor-element elementor-element-fe5cdad elementor-section-boxed elementor-section-height-default elementor-section-height-default\" data-id=\"fe5cdad\" data-element_type=\"section\">\n\t\t\t\t\t\t<div class=\"elementor-container elementor-column-gap-extended\">\n\t\t\t\t\t<div class=\"elementor-column elementor-col-100 elementor-inner-column elementor-element elementor-element-1497a66\" data-id=\"1497a66\" data-element_type=\"column\">\n\t\t\t<div class=\"elementor-widget-wrap elementor-element-populated\">\n\t\t\t\t\t\t<div class=\"elementor-element elementor-element-b5714dd elementor-widget elementor-widget-text-editor\" data-id=\"b5714dd\" data-element_type=\"widget\" data-widget_type=\"text-editor.default\">\n\t\t\t\t<div class=\"elementor-widget-container\">\n\t\t\t\t\t\t\t\t\t<p><strong>Tariffe giornaliere aggiuntive :<\/strong><br \/>Prima colazione per adulti : <strong>32 \u20ac<\/strong><br \/>Colazione per bambini (sotto i 12 anni) <strong>18 \u20ac<\/strong><br \/>Mezza pensione per adulti : <strong>120 \u20ac\u00a0<\/strong> Mezza pensione per bambini : <strong>60 \u20ac<\/strong><\/p><p><strong>Letto aggiuntivo (tariffa giornaliera)<\/strong><br \/>Neonati (da 0 a 2 anni) : <strong>50 \u20ac<\/strong> - da Suite Demeure<br \/>Bambini (da 2 a 12 anni) : <strong>160 \u20ac<\/strong> - da Suite Grande Demeure<br \/>Adulto (+ 12 anni) : Consultateci<br \/>Animali ammessi : <strong>40\u00a0\u20ac<\/strong><\/p>\t\t\t\t\t\t\t\t<\/div>\n\t\t\t\t<\/div>\n\t\t\t\t<div class=\"elementor-element elementor-element-11f59e0 elementor-widget elementor-widget-text-editor\" data-id=\"11f59e0\" data-element_type=\"widget\" data-widget_type=\"text-editor.default\">\n\t\t\t\t<div class=\"elementor-widget-container\">\n\t\t\t\t\t\t\t\t\t<p>Tassa di soggiorno non inclusa: <strong>2\u20ac20<\/strong> per adulto a notte<\/p><p>I prezzi indicati sono puramente indicativi e sono espressi in euro e possono subire variazioni senza preavviso.<br \/>Non esitare a leggere le nostre condizioni generali di affitto.<\/p>\t\t\t\t\t\t\t\t<\/div>\n\t\t\t\t<\/div>\n\t\t\t\t<div class=\"elementor-element elementor-element-9f32173 elementor-widget elementor-widget-heading\" data-id=\"9f32173\" data-element_type=\"widget\" data-widget_type=\"heading.default\">\n\t\t\t\t<div class=\"elementor-widget-container\">\n\t\t\t\t\t<h2 class=\"elementor-heading-title elementor-size-default\">CONDIZIONI GENERALI DI AFFITTO<\/h2>\t\t\t\t<\/div>\n\t\t\t\t<\/div>\n\t\t\t\t<div class=\"elementor-element elementor-element-8b160f6 elementor-widget elementor-widget-text-editor\" data-id=\"8b160f6\" data-element_type=\"widget\" data-widget_type=\"text-editor.default\">\n\t\t\t\t<div class=\"elementor-widget-container\">\n\t\t\t\t\t\t\t\t\t<div class=\"txType1\"><p><strong>Cancellazioni<\/strong><br \/>In caso di cancellazione della prenotazione a meno di 7 giorni dalla data di arrivo, verr\u00e0 trattenuto l'intero importo della caparra.<br \/>In caso di mancata presentazione sar\u00e0 dovuto l'intero importo del soggiorno.<\/p><p><strong>Garanzia<\/strong><br \/>Le prenotazioni si considerano confermate solo se accompagnate da una caparra pari al 30% dell'importo totale dei pernottamenti per i soggiorni di 3 o pi\u00f9 giorni e al 100% dell'importo totale dei pernottamenti per i soggiorni inferiori a 3 giorni. La caparra verr\u00e0 detratta al termine del soggiorno concordato.<\/p><p><strong>Modifica del soggiorno<\/strong><br \/>Per qualsiasi soggiorno ridotto o arrivo ritardato segnalato meno di una settimana prima dell'inizio del soggiorno, la caparra \u00e8 dovuta.<\/p><p><strong>Orario di arrivo<\/strong><br \/>Faremo del nostro meglio per farti trovare la camera pronta il prima possibile, ma ti preghiamo di notare che questo sar\u00e0 possibile solo a partire dalle 15:00. Ti preghiamo di avvisarci in caso di arrivo tardivo.<\/p><p><strong>Partenza<\/strong><br \/>Le camere devono essere liberate entro le 11:00. In caso di check-out tardivo, verranno messi a vostra disposizione un deposito bagagli e una stanza di cortesia.<\/p><\/div>\t\t\t\t\t\t\t\t<\/div>\n\t\t\t\t<\/div>\n\t\t\t\t\t<\/div>\n\t\t<\/div>\n\t\t\t\t\t<\/div>\n\t\t<\/section>\n\t\t\t\t\t<\/div>\n\t\t<\/div>\n\t\t\t\t\t<\/div>\n\t\t<\/section>\n\t\t\t\t<\/div>","protected":false},"excerpt":{"rendered":"<p>Conditions tarifaires Tarifs suppl\u00e9mentaires journaliers :Petit d\u00e9jeuner adulte : 32 \u20acPetit d\u00e9jeuner enfant (moins de 12 ans) 18 \u20acDemi-pension adulte : 120 \u20ac\u00a0 Demi-pension enfant : 60 \u20ac Lit suppl\u00e9mentaire (tarifs journaliers)\u00a0:B\u00e9b\u00e9 (0 \u00e0 2 ans) : 50 \u20ac &#8211; \u00e0 partir de Suite DemeureEnfant (2 \u00e0 12 ans) : 160 \u20ac &#8211; \u00e0 partir [&hellip;]<\/p>","protected":false},"author":3,"featured_media":0,"parent":0,"menu_order":0,"comment_status":"closed","ping_status":"closed","template":"","meta":{"inline_featured_image":false,"footnotes":""},"class_list":["post-207","page","type-page","status-publish","hentry"],"_links":{"self":[{"href":"https:\/\/www.hotel-la-signoria.com\/it\/wp-json\/wp\/v2\/pages\/207","targetHints":{"allow":["GET"]}}],"collection":[{"href":"https:\/\/www.hotel-la-signoria.com\/it\/wp-json\/wp\/v2\/pages"}],"about":[{"href":"https:\/\/www.hotel-la-signoria.com\/it\/wp-json\/wp\/v2\/types\/page"}],"author":[{"embeddable":true,"href":"https:\/\/www.hotel-la-signoria.com\/it\/wp-json\/wp\/v2\/users\/3"}],"replies":[{"embeddable":true,"href":"https:\/\/www.hotel-la-signoria.com\/it\/wp-json\/wp\/v2\/comments?post=207"}],"version-history":[{"count":37,"href":"https:\/\/www.hotel-la-signoria.com\/it\/wp-json\/wp\/v2\/pages\/207\/revisions"}],"predecessor-version":[{"id":6518,"href":"https:\/\/www.hotel-la-signoria.com\/it\/wp-json\/wp\/v2\/pages\/207\/revisions\/6518"}],"wp:attachment":[{"href":"https:\/\/www.hotel-la-signoria.com\/it\/wp-json\/wp\/v2\/media?parent=207"}],"curies":[{"name":"wp","href":"https:\/\/api.w.org\/{rel}","templated":true}]}}