{"id":186,"date":"2023-01-09T10:28:58","date_gmt":"2023-01-09T09:28:58","guid":{"rendered":"https:\/\/www.hotel-la-signoria.com\/petite-restauration\/"},"modified":"2026-05-04T16:46:24","modified_gmt":"2026-05-04T14:46:24","slug":"petite-restauration-calvi-restaurant","status":"publish","type":"page","link":"https:\/\/www.hotel-la-signoria.com\/en\/petite-restauration-calvi-restaurant\/","title":{"rendered":"Outdoor breakfast"},"content":{"rendered":"\t\t<div data-elementor-type=\"wp-page\" data-elementor-id=\"186\" class=\"elementor elementor-186\" data-elementor-post-type=\"page\">\n\t\t\t\t\t\t<section class=\"elementor-section elementor-top-section elementor-element elementor-element-5767cb1 elementor-section-full_width elementor-section-height-min-height elementor-section-items-stretch elementor-section-height-default\" data-id=\"5767cb1\" data-element_type=\"section\" data-e-type=\"section\" data-settings=\"{&quot;background_background&quot;:&quot;classic&quot;}\">\n\t\t\t\t\t\t\t<div class=\"elementor-background-overlay\"><\/div>\n\t\t\t\t\t\t\t<div class=\"elementor-container elementor-column-gap-default\">\n\t\t\t\t\t<div class=\"elementor-column elementor-col-100 elementor-top-column elementor-element elementor-element-ba40236\" data-id=\"ba40236\" data-element_type=\"column\" data-e-type=\"column\">\n\t\t\t<div class=\"elementor-widget-wrap elementor-element-populated\">\n\t\t\t\t\t\t<section class=\"elementor-section elementor-inner-section elementor-element elementor-element-e01622a elementor-section-boxed elementor-section-height-default elementor-section-height-default\" data-id=\"e01622a\" data-element_type=\"section\" data-e-type=\"section\">\n\t\t\t\t\t\t<div class=\"elementor-container elementor-column-gap-no\">\n\t\t\t\t\t<div class=\"elementor-column elementor-col-100 elementor-inner-column elementor-element elementor-element-eb85145\" data-id=\"eb85145\" data-element_type=\"column\" data-e-type=\"column\">\n\t\t\t<div class=\"elementor-widget-wrap\">\n\t\t\t\t\t\t\t<\/div>\n\t\t<\/div>\n\t\t\t\t\t<\/div>\n\t\t<\/section>\n\t\t\t\t<section class=\"elementor-section elementor-inner-section elementor-element elementor-element-591739f elementor-section-boxed elementor-section-height-default elementor-section-height-default\" data-id=\"591739f\" data-element_type=\"section\" data-e-type=\"section\">\n\t\t\t\t\t\t<div class=\"elementor-container elementor-column-gap-no\">\n\t\t\t\t\t<div class=\"elementor-column elementor-col-100 elementor-inner-column elementor-element elementor-element-bd79504\" data-id=\"bd79504\" data-element_type=\"column\" data-e-type=\"column\">\n\t\t\t<div class=\"elementor-widget-wrap elementor-element-populated\">\n\t\t\t\t\t\t<div class=\"elementor-element elementor-element-26d9c63 elementor-widget elementor-widget-heading\" data-id=\"26d9c63\" data-element_type=\"widget\" data-e-type=\"widget\" data-widget_type=\"heading.default\">\n\t\t\t\t<div class=\"elementor-widget-container\">\n\t\t\t\t\t<span class=\"elementor-heading-title elementor-size-default\">Breakfast &amp; Tea Time<\/span>\t\t\t\t<\/div>\n\t\t\t\t<\/div>\n\t\t\t\t<div class=\"elementor-element elementor-element-6893d49 elementor-widget elementor-widget-heading\" data-id=\"6893d49\" data-element_type=\"widget\" data-e-type=\"widget\" data-widget_type=\"heading.default\">\n\t\t\t\t<div class=\"elementor-widget-container\">\n\t\t\t\t\t<h1 class=\"elementor-heading-title elementor-size-default\">Un restaurant pour des matins en douceur \u00e0 Calvi<\/h1>\t\t\t\t<\/div>\n\t\t\t\t<\/div>\n\t\t\t\t\t<\/div>\n\t\t<\/div>\n\t\t\t\t\t<\/div>\n\t\t<\/section>\n\t\t\t\t<section class=\"elementor-section elementor-inner-section elementor-element elementor-element-b4e132b elementor-section-boxed elementor-section-height-default elementor-section-height-default\" data-id=\"b4e132b\" data-element_type=\"section\" data-e-type=\"section\">\n\t\t\t\t\t\t<div class=\"elementor-container elementor-column-gap-default\">\n\t\t\t\t\t<div class=\"elementor-column elementor-col-100 elementor-inner-column elementor-element elementor-element-9948557\" data-id=\"9948557\" data-element_type=\"column\" data-e-type=\"column\">\n\t\t\t<div class=\"elementor-widget-wrap elementor-element-populated\">\n\t\t\t\t\t\t<div class=\"elementor-element elementor-element-a1ca053 elementor-view-default elementor-widget elementor-widget-icon\" data-id=\"a1ca053\" data-element_type=\"widget\" data-e-type=\"widget\" data-widget_type=\"icon.default\">\n\t\t\t\t<div class=\"elementor-widget-container\">\n\t\t\t\t\t\t\t<div class=\"elementor-icon-wrapper\">\n\t\t\t<a class=\"elementor-icon\" href=\"#tocontent\">\n\t\t\t<i aria-hidden=\"true\" class=\"fas fa-chevron-down\"><\/i>\t\t\t<\/a>\n\t\t<\/div>\n\t\t\t\t\t\t<\/div>\n\t\t\t\t<\/div>\n\t\t\t\t\t<\/div>\n\t\t<\/div>\n\t\t\t\t\t<\/div>\n\t\t<\/section>\n\t\t\t\t\t<\/div>\n\t\t<\/div>\n\t\t\t\t\t<\/div>\n\t\t<\/section>\n\t\t\t\t<section class=\"elementor-section elementor-top-section elementor-element elementor-element-1269f86 elementor-section-full_width elementor-section-height-default elementor-section-height-default\" data-id=\"1269f86\" data-element_type=\"section\" data-e-type=\"section\">\n\t\t\t\t\t\t<div class=\"elementor-container elementor-column-gap-no\">\n\t\t\t\t\t<div class=\"elementor-column elementor-col-100 elementor-top-column elementor-element elementor-element-f92bddd\" data-id=\"f92bddd\" data-element_type=\"column\" data-e-type=\"column\">\n\t\t\t<div class=\"elementor-widget-wrap elementor-element-populated\">\n\t\t\t\t\t\t<div class=\"elementor-element elementor-element-502a085 elementor-widget elementor-widget-menu-anchor\" data-id=\"502a085\" data-element_type=\"widget\" data-e-type=\"widget\" data-widget_type=\"menu-anchor.default\">\n\t\t\t\t<div class=\"elementor-widget-container\">\n\t\t\t\t\t\t\t<div class=\"elementor-menu-anchor\" id=\"tocontent\"><\/div>\n\t\t\t\t\t\t<\/div>\n\t\t\t\t<\/div>\n\t\t\t\t\t<\/div>\n\t\t<\/div>\n\t\t\t\t\t<\/div>\n\t\t<\/section>\n\t\t\t\t<section class=\"elementor-section elementor-top-section elementor-element elementor-element-46446f2 elementor-reverse-tablet elementor-reverse-mobile elementor-section-boxed elementor-section-height-default elementor-section-height-default\" data-id=\"46446f2\" data-element_type=\"section\" data-e-type=\"section\" data-settings=\"{&quot;background_background&quot;:&quot;classic&quot;}\">\n\t\t\t\t\t\t<div class=\"elementor-container elementor-column-gap-no\">\n\t\t\t\t\t<div class=\"elementor-column elementor-col-50 elementor-top-column elementor-element elementor-element-f4cdf60\" data-id=\"f4cdf60\" data-element_type=\"column\" data-e-type=\"column\" data-settings=\"{&quot;background_background&quot;:&quot;classic&quot;,&quot;motion_fx_motion_fx_scrolling&quot;:&quot;yes&quot;,&quot;motion_fx_translateX_effect&quot;:&quot;yes&quot;,&quot;motion_fx_translateX_direction&quot;:&quot;negative&quot;,&quot;motion_fx_translateX_affectedRange&quot;:{&quot;unit&quot;:&quot;%&quot;,&quot;size&quot;:&quot;&quot;,&quot;sizes&quot;:{&quot;start&quot;:0,&quot;end&quot;:50}},&quot;motion_fx_devices&quot;:[&quot;desktop&quot;],&quot;motion_fx_translateX_speed&quot;:{&quot;unit&quot;:&quot;px&quot;,&quot;size&quot;:4,&quot;sizes&quot;:[]}}\">\n\t\t\t<div class=\"elementor-widget-wrap elementor-element-populated\">\n\t\t\t\t\t\t<section class=\"elementor-section elementor-inner-section elementor-element elementor-element-3d2e630 elementor-section-height-full elementor-section-boxed elementor-section-height-default\" data-id=\"3d2e630\" data-element_type=\"section\" data-e-type=\"section\">\n\t\t\t\t\t\t<div class=\"elementor-container elementor-column-gap-no\">\n\t\t\t\t\t<div class=\"elementor-column elementor-col-100 elementor-inner-column elementor-element elementor-element-4650cf8\" data-id=\"4650cf8\" data-element_type=\"column\" data-e-type=\"column\">\n\t\t\t<div class=\"elementor-widget-wrap elementor-element-populated\">\n\t\t\t\t\t\t<div class=\"elementor-element elementor-element-e461d33 elementor-view-default elementor-widget elementor-widget-icon\" data-id=\"e461d33\" data-element_type=\"widget\" data-e-type=\"widget\" data-widget_type=\"icon.default\">\n\t\t\t\t<div class=\"elementor-widget-container\">\n\t\t\t\t\t\t\t<div class=\"elementor-icon-wrapper\">\n\t\t\t<div class=\"elementor-icon\">\n\t\t\t<i aria-hidden=\"true\" class=\"icon icon-logo-1\"><\/i>\t\t\t<\/div>\n\t\t<\/div>\n\t\t\t\t\t\t<\/div>\n\t\t\t\t<\/div>\n\t\t\t\t<div class=\"elementor-element elementor-element-0328e2c elementor-widget elementor-widget-heading\" data-id=\"0328e2c\" data-element_type=\"widget\" data-e-type=\"widget\" data-widget_type=\"heading.default\">\n\t\t\t\t<div class=\"elementor-widget-container\">\n\t\t\t\t\t<h2 class=\"elementor-heading-title elementor-size-default\">Un petit-d\u00e9jeuner <\/br>baign\u00e9 de soleil<\/h2>\t\t\t\t<\/div>\n\t\t\t\t<\/div>\n\t\t\t\t<div class=\"elementor-element elementor-element-9bac47f elementor-widget elementor-widget-text-editor\" data-id=\"9bac47f\" data-element_type=\"widget\" data-e-type=\"widget\" data-widget_type=\"text-editor.default\">\n\t\t\t\t<div class=\"elementor-widget-container\">\n\t\t\t\t\t\t\t\t\tChaque matin, la table s\u2019installe au rythme du soleil corse. Servi entre 7h30 et 10h00, le petit-d\u00e9jeuner se savoure sur la terrasse, face aux montagnes, \u00e0 la for\u00eat de Bonifato et aux jardins ponctu\u00e9s d\u2019arbres centenaires. Un d\u00e9cor naturel spectaculaire, o\u00f9 le temps semble suspendu.<\/br><\/br>\nDans l\u2019atmosph\u00e8re paisible du restaurant, \u00e0 quelques pas de la piscine, les premiers rayons du jour accompagnent une s\u00e9lection de viennoiseries et de p\u00e2tisseries fra\u00eechement pr\u00e9par\u00e9es, aux c\u00f4t\u00e9s des meilleurs produits de la r\u00e9gion.<\/br><\/br>\nPlus qu\u2019un simple petit-d\u00e9jeuner, ce moment gourmand incarne l\u2019esprit de notre restaurant \u00e0 Calvi : une table ouverte sur la nature, o\u00f9 le plaisir des sens se partage d\u00e8s les premi\u00e8res heures de la journ\u00e9e, avec autant de lumi\u00e8re dans les yeux que de douceur en bouche.\t\t\t\t\t\t\t\t<\/div>\n\t\t\t\t<\/div>\n\t\t\t\t\t<\/div>\n\t\t<\/div>\n\t\t\t\t\t<\/div>\n\t\t<\/section>\n\t\t\t\t\t<\/div>\n\t\t<\/div>\n\t\t\t\t<div class=\"elementor-column elementor-col-50 elementor-top-column elementor-element elementor-element-087a33e\" data-id=\"087a33e\" data-element_type=\"column\" data-e-type=\"column\" data-settings=\"{&quot;motion_fx_motion_fx_scrolling&quot;:&quot;yes&quot;,&quot;motion_fx_translateX_effect&quot;:&quot;yes&quot;,&quot;motion_fx_translateX_affectedRange&quot;:{&quot;unit&quot;:&quot;%&quot;,&quot;size&quot;:&quot;&quot;,&quot;sizes&quot;:{&quot;start&quot;:0,&quot;end&quot;:50}},&quot;motion_fx_devices&quot;:[&quot;desktop&quot;],&quot;motion_fx_translateX_speed&quot;:{&quot;unit&quot;:&quot;px&quot;,&quot;size&quot;:4,&quot;sizes&quot;:[]}}\">\n\t\t\t<div class=\"elementor-widget-wrap elementor-element-populated\">\n\t\t\t\t\t\t<div class=\"elementor-element elementor-element-3c981b0 elementor-widget elementor-widget-image\" data-id=\"3c981b0\" data-element_type=\"widget\" data-e-type=\"widget\" data-widget_type=\"image.default\">\n\t\t\t\t<div class=\"elementor-widget-container\">\n\t\t\t\t\t\t\t\t\t\t\t\t\t\t\t<img fetchpriority=\"high\" decoding=\"async\" width=\"1708\" height=\"2560\" src=\"https:\/\/www.hotel-la-signoria.com\/wp-content\/uploads\/2025\/12\/signoria-calvi-restaurant-petit-dejeuner-scaled.jpg\" class=\"attachment-full size-full wp-image-6015\" alt=\"\" srcset=\"https:\/\/www.hotel-la-signoria.com\/wp-content\/uploads\/2025\/12\/signoria-calvi-restaurant-petit-dejeuner-scaled.jpg 1708w, https:\/\/www.hotel-la-signoria.com\/wp-content\/uploads\/2025\/12\/signoria-calvi-restaurant-petit-dejeuner-200x300.jpg 200w, https:\/\/www.hotel-la-signoria.com\/wp-content\/uploads\/2025\/12\/signoria-calvi-restaurant-petit-dejeuner-683x1024.jpg 683w, https:\/\/www.hotel-la-signoria.com\/wp-content\/uploads\/2025\/12\/signoria-calvi-restaurant-petit-dejeuner-768x1151.jpg 768w, https:\/\/www.hotel-la-signoria.com\/wp-content\/uploads\/2025\/12\/signoria-calvi-restaurant-petit-dejeuner-1025x1536.jpg 1025w, https:\/\/www.hotel-la-signoria.com\/wp-content\/uploads\/2025\/12\/signoria-calvi-restaurant-petit-dejeuner-1366x2048.jpg 1366w, https:\/\/www.hotel-la-signoria.com\/wp-content\/uploads\/2025\/12\/signoria-calvi-restaurant-petit-dejeuner-8x12.jpg 8w\" sizes=\"(max-width: 1708px) 100vw, 1708px\" title=\"Photo -\">\t\t\t\t\t\t\t\t\t\t\t\t\t\t\t<\/div>\n\t\t\t\t<\/div>\n\t\t\t\t\t<\/div>\n\t\t<\/div>\n\t\t\t\t\t<\/div>\n\t\t<\/section>\n\t\t\t\t<\/div>\n\t\t","protected":false},"excerpt":{"rendered":"<p>Breakfast &amp; Tea Time Un restaurant pour des matins en douceur \u00e0 Calvi Un petit-d\u00e9jeuner baign\u00e9 de soleil Chaque matin, la table s\u2019installe au rythme du soleil corse. Servi entre 7h30 et 10h00, le petit-d\u00e9jeuner se savoure sur la terrasse, face aux montagnes, \u00e0 la for\u00eat de Bonifato et aux jardins ponctu\u00e9s d\u2019arbres centenaires. Un [&hellip;]<\/p>\n","protected":false},"author":3,"featured_media":0,"parent":0,"menu_order":0,"comment_status":"closed","ping_status":"closed","template":"","meta":{"inline_featured_image":false,"footnotes":""},"class_list":["post-186","page","type-page","status-publish","hentry"],"_links":{"self":[{"href":"https:\/\/www.hotel-la-signoria.com\/en\/wp-json\/wp\/v2\/pages\/186","targetHints":{"allow":["GET"]}}],"collection":[{"href":"https:\/\/www.hotel-la-signoria.com\/en\/wp-json\/wp\/v2\/pages"}],"about":[{"href":"https:\/\/www.hotel-la-signoria.com\/en\/wp-json\/wp\/v2\/types\/page"}],"author":[{"embeddable":true,"href":"https:\/\/www.hotel-la-signoria.com\/en\/wp-json\/wp\/v2\/users\/3"}],"replies":[{"embeddable":true,"href":"https:\/\/www.hotel-la-signoria.com\/en\/wp-json\/wp\/v2\/comments?post=186"}],"version-history":[{"count":61,"href":"https:\/\/www.hotel-la-signoria.com\/en\/wp-json\/wp\/v2\/pages\/186\/revisions"}],"predecessor-version":[{"id":6775,"href":"https:\/\/www.hotel-la-signoria.com\/en\/wp-json\/wp\/v2\/pages\/186\/revisions\/6775"}],"wp:attachment":[{"href":"https:\/\/www.hotel-la-signoria.com\/en\/wp-json\/wp\/v2\/media?parent=186"}],"curies":[{"name":"wp","href":"https:\/\/api.w.org\/{rel}","templated":true}]}}