{"id":207,"date":"2023-01-09T10:28:58","date_gmt":"2023-01-09T09:28:58","guid":{"rendered":"https:\/\/www.hotel-la-signoria.com\/conditions-tarifaires\/"},"modified":"2026-03-27T11:01:32","modified_gmt":"2026-03-27T10:01:32","slug":"tarifbedingungen","status":"publish","type":"page","link":"https:\/\/www.hotel-la-signoria.com\/de\/tarifbedingungen\/","title":{"rendered":"Seite Tarifbedingungen"},"content":{"rendered":"<div data-elementor-type=\"wp-page\" data-elementor-id=\"207\" class=\"elementor elementor-207\" data-elementor-post-type=\"page\">\n\t\t\t\t\t\t<section class=\"elementor-section elementor-top-section elementor-element elementor-element-05a48c7 elementor-section-full_width elementor-section-height-min-height elementor-section-items-stretch elementor-section-height-default\" data-id=\"05a48c7\" data-element_type=\"section\" data-settings=\"{&quot;background_background&quot;:&quot;classic&quot;}\">\n\t\t\t\t\t\t\t<div class=\"elementor-background-overlay\"><\/div>\n\t\t\t\t\t\t\t<div class=\"elementor-container elementor-column-gap-default\">\n\t\t\t\t\t<div class=\"elementor-column elementor-col-100 elementor-top-column elementor-element elementor-element-3d4634d\" data-id=\"3d4634d\" data-element_type=\"column\">\n\t\t\t<div class=\"elementor-widget-wrap elementor-element-populated\">\n\t\t\t\t\t\t<section class=\"elementor-section elementor-inner-section elementor-element elementor-element-801f4a5 elementor-section-boxed elementor-section-height-default elementor-section-height-default\" data-id=\"801f4a5\" data-element_type=\"section\">\n\t\t\t\t\t\t<div class=\"elementor-container elementor-column-gap-no\">\n\t\t\t\t\t<div class=\"elementor-column elementor-col-100 elementor-inner-column elementor-element elementor-element-d5385fc\" data-id=\"d5385fc\" data-element_type=\"column\">\n\t\t\t<div class=\"elementor-widget-wrap\">\n\t\t\t\t\t\t\t<\/div>\n\t\t<\/div>\n\t\t\t\t\t<\/div>\n\t\t<\/section>\n\t\t\t\t<section class=\"elementor-section elementor-inner-section elementor-element elementor-element-7d8a21d elementor-section-boxed elementor-section-height-default elementor-section-height-default\" data-id=\"7d8a21d\" data-element_type=\"section\">\n\t\t\t\t\t\t<div class=\"elementor-container elementor-column-gap-no\">\n\t\t\t\t\t<div class=\"elementor-column elementor-col-100 elementor-inner-column elementor-element elementor-element-c85e0a0\" data-id=\"c85e0a0\" data-element_type=\"column\">\n\t\t\t<div class=\"elementor-widget-wrap elementor-element-populated\">\n\t\t\t\t\t\t<div class=\"elementor-element elementor-element-bae0032 elementor-widget elementor-widget-heading\" data-id=\"bae0032\" data-element_type=\"widget\" data-widget_type=\"heading.default\">\n\t\t\t\t<div class=\"elementor-widget-container\">\n\t\t\t\t\t<h1 class=\"elementor-heading-title elementor-size-default\">Seite Tarifbedingungen<\/h1>\t\t\t\t<\/div>\n\t\t\t\t<\/div>\n\t\t\t\t\t<\/div>\n\t\t<\/div>\n\t\t\t\t\t<\/div>\n\t\t<\/section>\n\t\t\t\t<section class=\"elementor-section elementor-inner-section elementor-element elementor-element-e4774be elementor-section-boxed elementor-section-height-default elementor-section-height-default\" data-id=\"e4774be\" data-element_type=\"section\">\n\t\t\t\t\t\t<div class=\"elementor-container elementor-column-gap-default\">\n\t\t\t\t\t<div class=\"elementor-column elementor-col-100 elementor-inner-column elementor-element elementor-element-b9d10f6\" data-id=\"b9d10f6\" data-element_type=\"column\">\n\t\t\t<div class=\"elementor-widget-wrap elementor-element-populated\">\n\t\t\t\t\t\t<div class=\"elementor-element elementor-element-d9e0be8 elementor-view-default elementor-widget elementor-widget-icon\" data-id=\"d9e0be8\" data-element_type=\"widget\" data-widget_type=\"icon.default\">\n\t\t\t\t<div class=\"elementor-widget-container\">\n\t\t\t\t\t\t\t<div class=\"elementor-icon-wrapper\">\n\t\t\t<a class=\"elementor-icon\" href=\"#tocontent\">\n\t\t\t<i aria-hidden=\"true\" class=\"fas fa-chevron-down\"><\/i>\t\t\t<\/a>\n\t\t<\/div>\n\t\t\t\t\t\t<\/div>\n\t\t\t\t<\/div>\n\t\t\t\t\t<\/div>\n\t\t<\/div>\n\t\t\t\t\t<\/div>\n\t\t<\/section>\n\t\t\t\t\t<\/div>\n\t\t<\/div>\n\t\t\t\t\t<\/div>\n\t\t<\/section>\n\t\t\t\t<section class=\"elementor-section elementor-top-section elementor-element elementor-element-19ed0d7 elementor-section-full_width elementor-section-height-default elementor-section-height-default\" data-id=\"19ed0d7\" data-element_type=\"section\">\n\t\t\t\t\t\t<div class=\"elementor-container elementor-column-gap-no\">\n\t\t\t\t\t<div class=\"elementor-column elementor-col-100 elementor-top-column elementor-element elementor-element-3c19f58\" data-id=\"3c19f58\" data-element_type=\"column\">\n\t\t\t<div class=\"elementor-widget-wrap elementor-element-populated\">\n\t\t\t\t\t\t<div class=\"elementor-element elementor-element-e5073cb elementor-widget elementor-widget-spacer\" data-id=\"e5073cb\" data-element_type=\"widget\" data-widget_type=\"spacer.default\">\n\t\t\t\t<div class=\"elementor-widget-container\">\n\t\t\t\t\t\t\t<div class=\"elementor-spacer\">\n\t\t\t<div class=\"elementor-spacer-inner\"><\/div>\n\t\t<\/div>\n\t\t\t\t\t\t<\/div>\n\t\t\t\t<\/div>\n\t\t\t\t<div class=\"elementor-element elementor-element-ee57f09 elementor-widget elementor-widget-menu-anchor\" data-id=\"ee57f09\" data-element_type=\"widget\" data-widget_type=\"menu-anchor.default\">\n\t\t\t\t<div class=\"elementor-widget-container\">\n\t\t\t\t\t\t\t<div class=\"elementor-menu-anchor\" id=\"tocontent\"><\/div>\n\t\t\t\t\t\t<\/div>\n\t\t\t\t<\/div>\n\t\t\t\t\t<\/div>\n\t\t<\/div>\n\t\t\t\t\t<\/div>\n\t\t<\/section>\n\t\t\t\t<section class=\"elementor-section elementor-top-section elementor-element elementor-element-378e52d elementor-section-full_width elementor-section-height-default elementor-section-height-default\" data-id=\"378e52d\" data-element_type=\"section\" data-settings=\"{&quot;background_background&quot;:&quot;classic&quot;}\">\n\t\t\t\t\t\t<div class=\"elementor-container elementor-column-gap-no\">\n\t\t\t\t\t<div class=\"elementor-column elementor-col-100 elementor-top-column elementor-element elementor-element-60dc4f2\" data-id=\"60dc4f2\" data-element_type=\"column\">\n\t\t\t<div class=\"elementor-widget-wrap elementor-element-populated\">\n\t\t\t\t\t\t<section class=\"elementor-section elementor-inner-section elementor-element elementor-element-c49ba3d elementor-section-boxed elementor-section-height-default elementor-section-height-default\" data-id=\"c49ba3d\" data-element_type=\"section\">\n\t\t\t\t\t\t<div class=\"elementor-container elementor-column-gap-default\">\n\t\t\t\t\t<div class=\"elementor-column elementor-col-100 elementor-inner-column elementor-element elementor-element-59220d0\" data-id=\"59220d0\" data-element_type=\"column\">\n\t\t\t<div class=\"elementor-widget-wrap elementor-element-populated\">\n\t\t\t\t\t\t<div class=\"elementor-element elementor-element-4efe7f0 elementor-widget-divider--view-line_icon elementor-view-default elementor-widget-divider--element-align-center elementor-widget elementor-widget-divider\" data-id=\"4efe7f0\" data-element_type=\"widget\" data-widget_type=\"divider.default\">\n\t\t\t\t<div class=\"elementor-widget-container\">\n\t\t\t\t\t\t\t<div class=\"elementor-divider\">\n\t\t\t<span class=\"elementor-divider-separator\">\n\t\t\t\t\t\t\t<div class=\"elementor-icon elementor-divider__element\">\n\t\t\t\t\t<i aria-hidden=\"true\" class=\"icon icon-logo-3\"><\/i><\/div>\n\t\t\t\t\t\t<\/span>\n\t\t<\/div>\n\t\t\t\t\t\t<\/div>\n\t\t\t\t<\/div>\n\t\t\t\t<div class=\"elementor-element elementor-element-accaa08 elementor-widget elementor-widget-heading\" data-id=\"accaa08\" data-element_type=\"widget\" data-widget_type=\"heading.default\">\n\t\t\t\t<div class=\"elementor-widget-container\">\n\t\t\t\t\t<h2 class=\"elementor-heading-title elementor-size-default\">Seite Tarifbedingungen<\/h2>\t\t\t\t<\/div>\n\t\t\t\t<\/div>\n\t\t\t\t\t<\/div>\n\t\t<\/div>\n\t\t\t\t\t<\/div>\n\t\t<\/section>\n\t\t\t\t<section class=\"elementor-section elementor-inner-section elementor-element elementor-element-fe5cdad elementor-section-boxed elementor-section-height-default elementor-section-height-default\" data-id=\"fe5cdad\" data-element_type=\"section\">\n\t\t\t\t\t\t<div class=\"elementor-container elementor-column-gap-extended\">\n\t\t\t\t\t<div class=\"elementor-column elementor-col-100 elementor-inner-column elementor-element elementor-element-1497a66\" data-id=\"1497a66\" data-element_type=\"column\">\n\t\t\t<div class=\"elementor-widget-wrap elementor-element-populated\">\n\t\t\t\t\t\t<div class=\"elementor-element elementor-element-b5714dd elementor-widget elementor-widget-text-editor\" data-id=\"b5714dd\" data-element_type=\"widget\" data-widget_type=\"text-editor.default\">\n\t\t\t\t<div class=\"elementor-widget-container\">\n\t\t\t\t\t\t\t\t\t<p><strong>Zus\u00e4tzliche Tagestarife :<\/strong><br \/>Fr\u00fchst\u00fcck Erwachsene : <strong>32 \u20ac<\/strong><br \/>Fr\u00fchst\u00fcck Kind (unter 12 Jahren) <strong>18 \u20ac<\/strong><br \/>Halbpension Erwachsene : <strong>120 \u20ac\u00a0<\/strong> Halbpension Kind : <strong>60 \u20ac<\/strong><\/p><p><strong>Zusatzbett (Tagespreise) :<\/strong><br \/>Baby (0 bis 2 Jahre) : <strong>50 \u20ac<\/strong> - ab Suite Demeure<br \/>Kind (2 bis 12 Jahre) : <strong>160 \u20ac<\/strong> - ab Suite Grande Demeure<br \/>Erwachsene (\u00fcber 12 Jahre): Fragen Sie uns<br \/>Haustiere erlaubt : <strong>40\u00a0\u20ac<\/strong><\/p>\t\t\t\t\t\t\t\t<\/div>\n\t\t\t\t<\/div>\n\t\t\t\t<div class=\"elementor-element elementor-element-11f59e0 elementor-widget elementor-widget-text-editor\" data-id=\"11f59e0\" data-element_type=\"widget\" data-widget_type=\"text-editor.default\">\n\t\t\t\t<div class=\"elementor-widget-container\">\n\t\t\t\t\t\t\t\t\t<p>Kurtaxe zus\u00e4tzlich : <strong>2\u20ac20<\/strong> pro Erwachsener und Nacht<\/p><p>Die angegebenen Preise sind unverbindlich und in Euro angegeben. Sie k\u00f6nnen ohne Vorank\u00fcndigung ge\u00e4ndert werden.<br \/>Z\u00f6gern Sie nicht, unsere Allgemeinen Mietbedingungen zur Kenntnis zu nehmen.<\/p>\t\t\t\t\t\t\t\t<\/div>\n\t\t\t\t<\/div>\n\t\t\t\t<div class=\"elementor-element elementor-element-9f32173 elementor-widget elementor-widget-heading\" data-id=\"9f32173\" data-element_type=\"widget\" data-widget_type=\"heading.default\">\n\t\t\t\t<div class=\"elementor-widget-container\">\n\t\t\t\t\t<h2 class=\"elementor-heading-title elementor-size-default\">Allgemeine Mietbedingungen<\/h2>\t\t\t\t<\/div>\n\t\t\t\t<\/div>\n\t\t\t\t<div class=\"elementor-element elementor-element-8b160f6 elementor-widget elementor-widget-text-editor\" data-id=\"8b160f6\" data-element_type=\"widget\" data-widget_type=\"text-editor.default\">\n\t\t\t\t<div class=\"elementor-widget-container\">\n\t\t\t\t\t\t\t\t\t<div class=\"txType1\"><p><strong>Stornierung<\/strong><br \/>Der Gesamtbetrag der Anzahlung wird einbehalten, wenn die Buchung weniger als 7 Tage vor dem Ankunftsdatum storniert wird.<br \/>Im Falle eines No-Shows wird der gesamte Betrag des Aufenthalts f\u00e4llig.<\/p><p><strong>Garantie<\/strong><br \/>Reservierungen gelten nur als verbindlich, wenn sie von einer Anzahlung in H\u00f6he von 30% des Gesamtbetrags der \u00dcbernachtungen f\u00fcr einen Aufenthalt von 3 Tagen und mehr und von 100% des Gesamtbetrags der \u00dcbernachtungen f\u00fcr einen Aufenthalt von weniger als 3 Tagen begleitet werden. Die Anzahlung wird am vereinbarten Ende des Aufenthalts abgezogen.<\/p><p><strong>\u00c4nderung des Aufenthalts<\/strong><br \/>Bei einem verk\u00fcrzten Aufenthalt oder einer versp\u00e4teten Ankunft, die weniger als eine Woche vor dem Beginn des Aufenthalts gemeldet wird, ist die Anzahlung f\u00e4llig.<\/p><p><strong>Ankunftszeit<\/strong><br \/>Wir werden unser Bestes tun, um sicherzustellen, dass Ihr Zimmer so schnell wie m\u00f6glich fertig ist. Es muss jedoch erwartet werden, dass dies erst ab 15 Uhr m\u00f6glich ist. Bitte informieren Sie uns bei versp\u00e4teter Ankunft.<\/p><p><strong>Abreise<\/strong><br \/>Die Zimmer m\u00fcssen vor 11 Uhr ger\u00e4umt werden. Bei einem sp\u00e4ten Check-out stehen Ihnen eine Gep\u00e4ckaufbewahrung und ein H\u00f6flichkeitszimmer zur Verf\u00fcgung.<\/p><\/div>\t\t\t\t\t\t\t\t<\/div>\n\t\t\t\t<\/div>\n\t\t\t\t\t<\/div>\n\t\t<\/div>\n\t\t\t\t\t<\/div>\n\t\t<\/section>\n\t\t\t\t\t<\/div>\n\t\t<\/div>\n\t\t\t\t\t<\/div>\n\t\t<\/section>\n\t\t\t\t<\/div>","protected":false},"excerpt":{"rendered":"<p>Conditions tarifaires Tarifs suppl\u00e9mentaires journaliers :Petit d\u00e9jeuner adulte : 32 \u20acPetit d\u00e9jeuner enfant (moins de 12 ans) 18 \u20acDemi-pension adulte : 120 \u20ac\u00a0 Demi-pension enfant : 60 \u20ac Lit suppl\u00e9mentaire (tarifs journaliers)\u00a0:B\u00e9b\u00e9 (0 \u00e0 2 ans) : 50 \u20ac &#8211; \u00e0 partir de Suite DemeureEnfant (2 \u00e0 12 ans) : 160 \u20ac &#8211; \u00e0 partir [&hellip;]<\/p>","protected":false},"author":3,"featured_media":0,"parent":0,"menu_order":0,"comment_status":"closed","ping_status":"closed","template":"","meta":{"inline_featured_image":false,"footnotes":""},"class_list":["post-207","page","type-page","status-publish","hentry"],"_links":{"self":[{"href":"https:\/\/www.hotel-la-signoria.com\/de\/wp-json\/wp\/v2\/pages\/207","targetHints":{"allow":["GET"]}}],"collection":[{"href":"https:\/\/www.hotel-la-signoria.com\/de\/wp-json\/wp\/v2\/pages"}],"about":[{"href":"https:\/\/www.hotel-la-signoria.com\/de\/wp-json\/wp\/v2\/types\/page"}],"author":[{"embeddable":true,"href":"https:\/\/www.hotel-la-signoria.com\/de\/wp-json\/wp\/v2\/users\/3"}],"replies":[{"embeddable":true,"href":"https:\/\/www.hotel-la-signoria.com\/de\/wp-json\/wp\/v2\/comments?post=207"}],"version-history":[{"count":37,"href":"https:\/\/www.hotel-la-signoria.com\/de\/wp-json\/wp\/v2\/pages\/207\/revisions"}],"predecessor-version":[{"id":6518,"href":"https:\/\/www.hotel-la-signoria.com\/de\/wp-json\/wp\/v2\/pages\/207\/revisions\/6518"}],"wp:attachment":[{"href":"https:\/\/www.hotel-la-signoria.com\/de\/wp-json\/wp\/v2\/media?parent=207"}],"curies":[{"name":"wp","href":"https:\/\/api.w.org\/{rel}","templated":true}]}}