{"id":185,"date":"2023-01-09T10:28:58","date_gmt":"2023-01-09T09:28:58","guid":{"rendered":"https:\/\/www.hotel-la-signoria.com\/le-chef-romain-masset\/"},"modified":"2023-09-19T15:36:56","modified_gmt":"2023-09-19T13:36:56","slug":"chef-juan-duran-korsisches-gastronomisches-restaurant","status":"publish","type":"page","link":"https:\/\/www.hotel-la-signoria.com\/de\/chef-juan-duran-korsisches-gastronomisches-restaurant\/","title":{"rendered":"Der Koch Juan C. P. Dur\u00e1n"},"content":{"rendered":"<div data-elementor-type=\"wp-page\" data-elementor-id=\"185\" class=\"elementor elementor-185\" data-elementor-post-type=\"page\">\n\t\t\t\t\t\t<section class=\"elementor-section elementor-top-section elementor-element elementor-element-024ea5f elementor-section-full_width elementor-section-height-min-height elementor-section-items-stretch elementor-section-height-default\" data-id=\"024ea5f\" data-element_type=\"section\" data-settings=\"{&quot;background_background&quot;:&quot;classic&quot;}\">\n\t\t\t\t\t\t\t<div class=\"elementor-background-overlay\"><\/div>\n\t\t\t\t\t\t\t<div class=\"elementor-container elementor-column-gap-default\">\n\t\t\t\t\t<div class=\"elementor-column elementor-col-100 elementor-top-column elementor-element elementor-element-3759aae\" data-id=\"3759aae\" data-element_type=\"column\">\n\t\t\t<div class=\"elementor-widget-wrap elementor-element-populated\">\n\t\t\t\t\t\t<section class=\"elementor-section elementor-inner-section elementor-element elementor-element-35ca384 elementor-section-boxed elementor-section-height-default elementor-section-height-default\" data-id=\"35ca384\" data-element_type=\"section\">\n\t\t\t\t\t\t<div class=\"elementor-container elementor-column-gap-no\">\n\t\t\t\t\t<div class=\"elementor-column elementor-col-100 elementor-inner-column elementor-element elementor-element-795a64e\" data-id=\"795a64e\" data-element_type=\"column\">\n\t\t\t<div class=\"elementor-widget-wrap\">\n\t\t\t\t\t\t\t<\/div>\n\t\t<\/div>\n\t\t\t\t\t<\/div>\n\t\t<\/section>\n\t\t\t\t<section class=\"elementor-section elementor-inner-section elementor-element elementor-element-2904664 elementor-section-boxed elementor-section-height-default elementor-section-height-default\" data-id=\"2904664\" data-element_type=\"section\">\n\t\t\t\t\t\t<div class=\"elementor-container elementor-column-gap-no\">\n\t\t\t\t\t<div class=\"elementor-column elementor-col-100 elementor-inner-column elementor-element elementor-element-ff6133a\" data-id=\"ff6133a\" data-element_type=\"column\">\n\t\t\t<div class=\"elementor-widget-wrap elementor-element-populated\">\n\t\t\t\t\t\t<div class=\"elementor-element elementor-element-3496b55 elementor-widget elementor-widget-heading\" data-id=\"3496b55\" data-element_type=\"widget\" data-widget_type=\"heading.default\">\n\t\t\t\t<div class=\"elementor-widget-container\">\n\t\t\t\t\t<span class=\"elementor-heading-title elementor-size-default\">Der Chef<\/br> JUAN CARLOS P. DUR\u00c1N<\/span>\t\t\t\t<\/div>\n\t\t\t\t<\/div>\n\t\t\t\t<div class=\"elementor-element elementor-element-b3e86b2 elementor-widget elementor-widget-heading\" data-id=\"b3e86b2\" data-element_type=\"widget\" data-widget_type=\"heading.default\">\n\t\t\t\t<div class=\"elementor-widget-container\">\n\t\t\t\t\t<h1 class=\"elementor-heading-title elementor-size-default\">calvi restaurant\n<\/h1>\t\t\t\t<\/div>\n\t\t\t\t<\/div>\n\t\t\t\t\t<\/div>\n\t\t<\/div>\n\t\t\t\t\t<\/div>\n\t\t<\/section>\n\t\t\t\t<section class=\"elementor-section elementor-inner-section elementor-element elementor-element-e1d70ea elementor-section-boxed elementor-section-height-default elementor-section-height-default\" data-id=\"e1d70ea\" data-element_type=\"section\">\n\t\t\t\t\t\t<div class=\"elementor-container elementor-column-gap-default\">\n\t\t\t\t\t<div class=\"elementor-column elementor-col-100 elementor-inner-column elementor-element elementor-element-c22eac8\" data-id=\"c22eac8\" data-element_type=\"column\">\n\t\t\t<div class=\"elementor-widget-wrap elementor-element-populated\">\n\t\t\t\t\t\t<div class=\"elementor-element elementor-element-73bdff7 elementor-view-default elementor-widget elementor-widget-icon\" data-id=\"73bdff7\" data-element_type=\"widget\" data-widget_type=\"icon.default\">\n\t\t\t\t<div class=\"elementor-widget-container\">\n\t\t\t\t\t\t\t<div class=\"elementor-icon-wrapper\">\n\t\t\t<a class=\"elementor-icon\" href=\"#tocontent\">\n\t\t\t<i aria-hidden=\"true\" class=\"fas fa-chevron-down\"><\/i>\t\t\t<\/a>\n\t\t<\/div>\n\t\t\t\t\t\t<\/div>\n\t\t\t\t<\/div>\n\t\t\t\t\t<\/div>\n\t\t<\/div>\n\t\t\t\t\t<\/div>\n\t\t<\/section>\n\t\t\t\t\t<\/div>\n\t\t<\/div>\n\t\t\t\t\t<\/div>\n\t\t<\/section>\n\t\t\t\t<section class=\"elementor-section elementor-top-section elementor-element elementor-element-c2e0c4b elementor-section-full_width elementor-section-height-default elementor-section-height-default\" data-id=\"c2e0c4b\" data-element_type=\"section\">\n\t\t\t\t\t\t<div class=\"elementor-container elementor-column-gap-no\">\n\t\t\t\t\t<div class=\"elementor-column elementor-col-100 elementor-top-column elementor-element elementor-element-c64237e\" data-id=\"c64237e\" data-element_type=\"column\">\n\t\t\t<div class=\"elementor-widget-wrap elementor-element-populated\">\n\t\t\t\t\t\t<div class=\"elementor-element elementor-element-e599927 elementor-widget elementor-widget-menu-anchor\" data-id=\"e599927\" data-element_type=\"widget\" data-widget_type=\"menu-anchor.default\">\n\t\t\t\t<div class=\"elementor-widget-container\">\n\t\t\t\t\t\t\t<div class=\"elementor-menu-anchor\" id=\"tocontent\"><\/div>\n\t\t\t\t\t\t<\/div>\n\t\t\t\t<\/div>\n\t\t\t\t\t<\/div>\n\t\t<\/div>\n\t\t\t\t\t<\/div>\n\t\t<\/section>\n\t\t\t\t<section class=\"elementor-section elementor-top-section elementor-element elementor-element-cd8daa3 elementor-reverse-tablet elementor-reverse-mobile elementor-section-boxed elementor-section-height-default elementor-section-height-default\" data-id=\"cd8daa3\" data-element_type=\"section\" data-settings=\"{&quot;background_background&quot;:&quot;classic&quot;}\">\n\t\t\t\t\t\t<div class=\"elementor-container elementor-column-gap-no\">\n\t\t\t\t\t<div class=\"elementor-column elementor-col-50 elementor-top-column elementor-element elementor-element-a83a07c\" data-id=\"a83a07c\" data-element_type=\"column\" data-settings=\"{&quot;background_background&quot;:&quot;classic&quot;,&quot;motion_fx_motion_fx_scrolling&quot;:&quot;yes&quot;,&quot;motion_fx_translateX_effect&quot;:&quot;yes&quot;,&quot;motion_fx_translateX_direction&quot;:&quot;negative&quot;,&quot;motion_fx_translateX_affectedRange&quot;:{&quot;unit&quot;:&quot;%&quot;,&quot;size&quot;:&quot;&quot;,&quot;sizes&quot;:{&quot;start&quot;:0,&quot;end&quot;:50}},&quot;motion_fx_devices&quot;:[&quot;desktop&quot;],&quot;motion_fx_translateX_speed&quot;:{&quot;unit&quot;:&quot;px&quot;,&quot;size&quot;:4,&quot;sizes&quot;:[]}}\">\n\t\t\t<div class=\"elementor-widget-wrap elementor-element-populated\">\n\t\t\t\t\t\t<section class=\"elementor-section elementor-inner-section elementor-element elementor-element-f06d35e elementor-section-height-full elementor-section-boxed elementor-section-height-default\" data-id=\"f06d35e\" data-element_type=\"section\">\n\t\t\t\t\t\t<div class=\"elementor-container elementor-column-gap-no\">\n\t\t\t\t\t<div class=\"elementor-column elementor-col-100 elementor-inner-column elementor-element elementor-element-257e6de\" data-id=\"257e6de\" data-element_type=\"column\">\n\t\t\t<div class=\"elementor-widget-wrap elementor-element-populated\">\n\t\t\t\t\t\t<div class=\"elementor-element elementor-element-c2a32e7 elementor-view-default elementor-widget elementor-widget-icon\" data-id=\"c2a32e7\" data-element_type=\"widget\" data-widget_type=\"icon.default\">\n\t\t\t\t<div class=\"elementor-widget-container\">\n\t\t\t\t\t\t\t<div class=\"elementor-icon-wrapper\">\n\t\t\t<div class=\"elementor-icon\">\n\t\t\t<i aria-hidden=\"true\" class=\"icon icon-logo-1\"><\/i>\t\t\t<\/div>\n\t\t<\/div>\n\t\t\t\t\t\t<\/div>\n\t\t\t\t<\/div>\n\t\t\t\t<div class=\"elementor-element elementor-element-eff0024 elementor-widget elementor-widget-heading\" data-id=\"eff0024\" data-element_type=\"widget\" data-widget_type=\"heading.default\">\n\t\t\t\t<div class=\"elementor-widget-container\">\n\t\t\t\t\t<h2 class=\"elementor-heading-title elementor-size-default\">Eine signierte Einladung zur Entdeckung<\/br> JUAN CARLOS P. DUR\u00c1N<\/h2>\t\t\t\t<\/div>\n\t\t\t\t<\/div>\n\t\t\t\t<div class=\"elementor-element elementor-element-f9b00b9 elementor-widget elementor-widget-heading\" data-id=\"f9b00b9\" data-element_type=\"widget\" data-widget_type=\"heading.default\">\n\t\t\t\t<div class=\"elementor-widget-container\">\n\t\t\t\t\t<h2 class=\"elementor-heading-title elementor-size-default\">Kreative K\u00fcche in unserem korsischen Gourmetrestaurant in Calvi<\/h2>\t\t\t\t<\/div>\n\t\t\t\t<\/div>\n\t\t\t\t<div class=\"elementor-element elementor-element-b31fbd5 elementor-widget elementor-widget-text-editor\" data-id=\"b31fbd5\" data-element_type=\"widget\" data-widget_type=\"text-editor.default\">\n\t\t\t\t<div class=\"elementor-widget-container\">\n\t\t\t\t\t\t\t\t\t<p>Chefkoch Juan Carlos P. Dur\u00e1n leitet die K\u00fcche des korsischen Gourmetrestaurants und spielt seit 2023 k\u00f6stliche Partituren auf dem Klavier. Er hat seine kulinarische Ausbildung in Spitzenrestaurants rund um die Welt wie Nova, dem Restaurant des H\u00f4tel l'\u00c9toile, oder dem eleganten Restaurant des St. Regis vervollst\u00e4ndigt.<\/p><p>Die moderne und kosmopolitische K\u00fcche des K\u00fcchenchefs wird von seinen zahlreichen Reisen inspiriert, mit einem tiefen Respekt f\u00fcr die lokalen Produkte. Juan Carlos P. Dur\u00e1n besitzt eine einzigartige Gabe, die Gastronomie mit den au\u00dfergew\u00f6hnlichen Produkten des korsischen Terroirs zu sublimieren.<\/p>\t\t\t\t\t\t\t\t<\/div>\n\t\t\t\t<\/div>\n\t\t\t\t\t<\/div>\n\t\t<\/div>\n\t\t\t\t\t<\/div>\n\t\t<\/section>\n\t\t\t\t\t<\/div>\n\t\t<\/div>\n\t\t\t\t<div class=\"elementor-column elementor-col-50 elementor-top-column elementor-element elementor-element-3fa8dca\" data-id=\"3fa8dca\" data-element_type=\"column\" data-settings=\"{&quot;motion_fx_motion_fx_scrolling&quot;:&quot;yes&quot;,&quot;motion_fx_translateX_effect&quot;:&quot;yes&quot;,&quot;motion_fx_translateX_affectedRange&quot;:{&quot;unit&quot;:&quot;%&quot;,&quot;size&quot;:&quot;&quot;,&quot;sizes&quot;:{&quot;start&quot;:0,&quot;end&quot;:50}},&quot;motion_fx_devices&quot;:[&quot;desktop&quot;],&quot;motion_fx_translateX_speed&quot;:{&quot;unit&quot;:&quot;px&quot;,&quot;size&quot;:4,&quot;sizes&quot;:[]}}\">\n\t\t\t<div class=\"elementor-widget-wrap elementor-element-populated\">\n\t\t\t\t\t\t<div class=\"elementor-element elementor-element-afc4dce elementor-widget elementor-widget-image\" data-id=\"afc4dce\" data-element_type=\"widget\" data-widget_type=\"image.default\">\n\t\t\t\t<div class=\"elementor-widget-container\">\n\t\t\t\t\t\t\t\t\t\t\t\t\t\t\t<img fetchpriority=\"high\" decoding=\"async\" width=\"720\" height=\"1080\" src=\"https:\/\/www.hotel-la-signoria.com\/wp-content\/uploads\/2023\/07\/LA-SIGNORIA-JUIN-SS23-\u00a9-SYLVAIN-ALESSANDRI-941.jpg\" class=\"attachment-full size-full wp-image-3739\" alt=\"\" srcset=\"https:\/\/www.hotel-la-signoria.com\/wp-content\/uploads\/2023\/07\/LA-SIGNORIA-JUIN-SS23-\u00a9-SYLVAIN-ALESSANDRI-941.jpg 720w, https:\/\/www.hotel-la-signoria.com\/wp-content\/uploads\/2023\/07\/LA-SIGNORIA-JUIN-SS23-\u00a9-SYLVAIN-ALESSANDRI-941-200x300.jpg 200w, https:\/\/www.hotel-la-signoria.com\/wp-content\/uploads\/2023\/07\/LA-SIGNORIA-JUIN-SS23-\u00a9-SYLVAIN-ALESSANDRI-941-683x1024.jpg 683w, https:\/\/www.hotel-la-signoria.com\/wp-content\/uploads\/2023\/07\/LA-SIGNORIA-JUIN-SS23-\u00a9-SYLVAIN-ALESSANDRI-941-8x12.jpg 8w\" sizes=\"(max-width: 720px) 100vw, 720px\" title=\"Foto -\">\t\t\t\t\t\t\t\t\t\t\t\t\t\t\t<\/div>\n\t\t\t\t<\/div>\n\t\t\t\t\t<\/div>\n\t\t<\/div>\n\t\t\t\t\t<\/div>\n\t\t<\/section>\n\t\t\t\t<section class=\"elementor-section elementor-top-section elementor-element elementor-element-d1770c4 elementor-section-boxed elementor-section-height-default elementor-section-height-default\" data-id=\"d1770c4\" data-element_type=\"section\" data-settings=\"{&quot;background_background&quot;:&quot;classic&quot;}\">\n\t\t\t\t\t\t<div class=\"elementor-container elementor-column-gap-no\">\n\t\t\t\t\t<div class=\"elementor-column elementor-col-50 elementor-top-column elementor-element elementor-element-7bda30c\" data-id=\"7bda30c\" data-element_type=\"column\" data-settings=\"{&quot;motion_fx_motion_fx_scrolling&quot;:&quot;yes&quot;,&quot;motion_fx_translateX_effect&quot;:&quot;yes&quot;,&quot;motion_fx_translateX_affectedRange&quot;:{&quot;unit&quot;:&quot;%&quot;,&quot;size&quot;:&quot;&quot;,&quot;sizes&quot;:{&quot;start&quot;:0,&quot;end&quot;:50}},&quot;motion_fx_devices&quot;:[&quot;desktop&quot;],&quot;motion_fx_translateX_direction&quot;:&quot;negative&quot;,&quot;motion_fx_translateX_speed&quot;:{&quot;unit&quot;:&quot;px&quot;,&quot;size&quot;:4,&quot;sizes&quot;:[]}}\">\n\t\t\t<div class=\"elementor-widget-wrap elementor-element-populated\">\n\t\t\t\t\t\t<div class=\"elementor-element elementor-element-cd8b679 elementor-widget elementor-widget-image\" data-id=\"cd8b679\" data-element_type=\"widget\" data-widget_type=\"image.default\">\n\t\t\t\t<div class=\"elementor-widget-container\">\n\t\t\t\t\t\t\t\t\t\t\t\t\t\t\t<img decoding=\"async\" width=\"2560\" height=\"1707\" src=\"https:\/\/www.hotel-la-signoria.com\/wp-content\/uploads\/2023\/02\/la-signoria-service-scaled.jpg\" class=\"attachment-full size-full wp-image-2523\" alt=\"calvi restaurant\" srcset=\"https:\/\/www.hotel-la-signoria.com\/wp-content\/uploads\/2023\/02\/la-signoria-service-scaled.jpg 2560w, https:\/\/www.hotel-la-signoria.com\/wp-content\/uploads\/2023\/02\/la-signoria-service-300x200.jpg 300w, https:\/\/www.hotel-la-signoria.com\/wp-content\/uploads\/2023\/02\/la-signoria-service-1024x683.jpg 1024w, https:\/\/www.hotel-la-signoria.com\/wp-content\/uploads\/2023\/02\/la-signoria-service-768x512.jpg 768w, https:\/\/www.hotel-la-signoria.com\/wp-content\/uploads\/2023\/02\/la-signoria-service-1536x1024.jpg 1536w, https:\/\/www.hotel-la-signoria.com\/wp-content\/uploads\/2023\/02\/la-signoria-service-2048x1365.jpg 2048w, https:\/\/www.hotel-la-signoria.com\/wp-content\/uploads\/2023\/02\/la-signoria-service-18x12.jpg 18w\" sizes=\"(max-width: 2560px) 100vw, 2560px\" title=\"Foto -\">\t\t\t\t\t\t\t\t\t\t\t\t\t\t\t<\/div>\n\t\t\t\t<\/div>\n\t\t\t\t\t<\/div>\n\t\t<\/div>\n\t\t\t\t<div class=\"elementor-column elementor-col-50 elementor-top-column elementor-element elementor-element-323eafd\" data-id=\"323eafd\" data-element_type=\"column\" data-settings=\"{&quot;background_background&quot;:&quot;classic&quot;,&quot;motion_fx_motion_fx_scrolling&quot;:&quot;yes&quot;,&quot;motion_fx_translateX_effect&quot;:&quot;yes&quot;,&quot;motion_fx_translateX_affectedRange&quot;:{&quot;unit&quot;:&quot;%&quot;,&quot;size&quot;:&quot;&quot;,&quot;sizes&quot;:{&quot;start&quot;:0,&quot;end&quot;:50}},&quot;motion_fx_devices&quot;:[&quot;desktop&quot;],&quot;motion_fx_translateX_speed&quot;:{&quot;unit&quot;:&quot;px&quot;,&quot;size&quot;:4,&quot;sizes&quot;:[]}}\">\n\t\t\t<div class=\"elementor-widget-wrap elementor-element-populated\">\n\t\t\t\t\t\t<section class=\"elementor-section elementor-inner-section elementor-element elementor-element-0247e83 elementor-section-height-full elementor-section-boxed elementor-section-height-default\" data-id=\"0247e83\" data-element_type=\"section\">\n\t\t\t\t\t\t<div class=\"elementor-container elementor-column-gap-no\">\n\t\t\t\t\t<div class=\"elementor-column elementor-col-100 elementor-inner-column elementor-element elementor-element-e9f33c9\" data-id=\"e9f33c9\" data-element_type=\"column\">\n\t\t\t<div class=\"elementor-widget-wrap elementor-element-populated\">\n\t\t\t\t\t\t<div class=\"elementor-element elementor-element-c66a47b elementor-view-default elementor-widget elementor-widget-icon\" data-id=\"c66a47b\" data-element_type=\"widget\" data-widget_type=\"icon.default\">\n\t\t\t\t<div class=\"elementor-widget-container\">\n\t\t\t\t\t\t\t<div class=\"elementor-icon-wrapper\">\n\t\t\t<div class=\"elementor-icon\">\n\t\t\t<i aria-hidden=\"true\" class=\"icon icon-logo-1\"><\/i>\t\t\t<\/div>\n\t\t<\/div>\n\t\t\t\t\t\t<\/div>\n\t\t\t\t<\/div>\n\t\t\t\t<div class=\"elementor-element elementor-element-cabe3db elementor-widget elementor-widget-heading\" data-id=\"cabe3db\" data-element_type=\"widget\" data-widget_type=\"heading.default\">\n\t\t\t\t<div class=\"elementor-widget-container\">\n\t\t\t\t\t<h2 class=\"elementor-heading-title elementor-size-default\">Der pers\u00f6nliche Service von Philippe Darcq<\/h2>\t\t\t\t<\/div>\n\t\t\t\t<\/div>\n\t\t\t\t<div class=\"elementor-element elementor-element-80b74c7 elementor-widget elementor-widget-heading\" data-id=\"80b74c7\" data-element_type=\"widget\" data-widget_type=\"heading.default\">\n\t\t\t\t<div class=\"elementor-widget-container\">\n\t\t\t\t\t<p class=\"elementor-heading-title elementor-size-default\">Eine Einladung zur \u00dcberraschung<\/p>\t\t\t\t<\/div>\n\t\t\t\t<\/div>\n\t\t\t\t<div class=\"elementor-element elementor-element-dbc6ba6 elementor-widget elementor-widget-text-editor\" data-id=\"dbc6ba6\" data-element_type=\"widget\" data-widget_type=\"text-editor.default\">\n\t\t\t\t<div class=\"elementor-widget-container\">\n\t\t\t\t\t\t\t\t\t<p>Oftmals dr\u00fccken wir in unseren Lebensl\u00e4ufen die Originalit\u00e4t einer fr\u00fchen Berufung aus. Seine hingegen war eine Sp\u00e4tberufung.<\/p><p>Erst im Alter von 26 Jahren, als er im Crocodile*** in Stra\u00dfburg bei Monique JUNG arbeitete, wurde ihm klar, dass er seinen Wunsch, die Einhaltung strenger Regeln mit dem Ausdruck herzlicher und respektvoller zwischenmenschlicher Beziehungen zu verbinden, am besten im Service ausleben konnte. Respekt vor der Vielfalt der Menschen, denen man begegnet, und Respekt vor den Regeln der Gastronomie.<\/p><p>Dank dieser Erfahrung konnte er zwei K\u00fcchenchefs, Wout BRU in Eygali\u00e8res und Benoit VIDAL in Val d'Is\u00e8re, bei der Erlangung eines zweiten Sterns im Guide Michelin begleiten.<\/p><p>Als leidenschaftlicher Weinkenner hat er sich auch daf\u00fcr entschieden, seine Erfahrung durch die Praxis der Sommelierkunst, der Bar und sogar des Zimmerservice zu bereichern, um zu lernen, die Erwartungen der G\u00e4ste von Palasthotels wie dem Cheval Blanc in Courchevel, dem Palm H\u00f4tel &amp; Spa auf der Insel R\u00e9union sowie der Domaine de Manville in Les Baux de Provence, wo er einen Michelin-Stern erhalten hat, zu entschl\u00fcsseln.<\/p><p>Seine Expertise erm\u00f6glicht es ihm, den Service zu personalisieren, indem er die Werkzeuge, Techniken und sein Team in einer zeitgem\u00e4\u00dfen Interpretation im Dienste einer auf sensorische Emotionen ausgerichteten Kundenerfahrung in Szene setzt.<\/p><p>Es liegt in seiner Verantwortung, sich nichts anmerken zu lassen, damit die von ihm betreuten Personen in Ruhe arbeiten k\u00f6nnen, um unseren G\u00e4sten einen reibungslosen und besonnenen Service zu bieten.<\/p><p>Dort gelang es ihm, den Chefkoch Davy Tissot MOF 2004 und Bocuse d'Or 2021 dabei zu unterst\u00fctzen, einen Stern im Guide Michelin zu erhalten und das Restaurant zum ersten mit einem Stern ausgezeichneten Ausbildungsrestaurant Frankreichs zu machen.<\/p>\t\t\t\t\t\t\t\t<\/div>\n\t\t\t\t<\/div>\n\t\t\t\t\t<\/div>\n\t\t<\/div>\n\t\t\t\t\t<\/div>\n\t\t<\/section>\n\t\t\t\t\t<\/div>\n\t\t<\/div>\n\t\t\t\t\t<\/div>\n\t\t<\/section>\n\t\t\t\t<section class=\"elementor-section elementor-top-section elementor-element elementor-element-581ed5f elementor-section-boxed elementor-section-height-default elementor-section-height-default\" data-id=\"581ed5f\" data-element_type=\"section\" data-settings=\"{&quot;background_background&quot;:&quot;classic&quot;}\">\n\t\t\t\t\t\t<div class=\"elementor-container elementor-column-gap-no\">\n\t\t\t\t\t<div class=\"elementor-column elementor-col-50 elementor-top-column elementor-element elementor-element-73f5253 elementor-hidden-tablet elementor-hidden-mobile\" data-id=\"73f5253\" data-element_type=\"column\">\n\t\t\t<div class=\"elementor-widget-wrap\">\n\t\t\t\t\t\t\t<\/div>\n\t\t<\/div>\n\t\t\t\t<div class=\"elementor-column elementor-col-50 elementor-top-column elementor-element elementor-element-12b0c62 elementor-invisible\" data-id=\"12b0c62\" data-element_type=\"column\" data-settings=\"{&quot;background_background&quot;:&quot;classic&quot;,&quot;animation&quot;:&quot;fadeInRight&quot;}\">\n\t\t\t<div class=\"elementor-widget-wrap elementor-element-populated\">\n\t\t\t\t\t\t<section class=\"elementor-section elementor-inner-section elementor-element elementor-element-bcd590b elementor-section-height-full elementor-section-boxed elementor-section-height-default\" data-id=\"bcd590b\" data-element_type=\"section\">\n\t\t\t\t\t\t<div class=\"elementor-container elementor-column-gap-no\">\n\t\t\t\t\t<div class=\"elementor-column elementor-col-100 elementor-inner-column elementor-element elementor-element-98fc983\" data-id=\"98fc983\" data-element_type=\"column\">\n\t\t\t<div class=\"elementor-widget-wrap elementor-element-populated\">\n\t\t\t\t\t\t<div class=\"elementor-element elementor-element-d4f0b26 elementor-view-default elementor-widget elementor-widget-icon\" data-id=\"d4f0b26\" data-element_type=\"widget\" data-widget_type=\"icon.default\">\n\t\t\t\t<div class=\"elementor-widget-container\">\n\t\t\t\t\t\t\t<div class=\"elementor-icon-wrapper\">\n\t\t\t<div class=\"elementor-icon\">\n\t\t\t<i aria-hidden=\"true\" class=\"icon icon-logo-1\"><\/i>\t\t\t<\/div>\n\t\t<\/div>\n\t\t\t\t\t\t<\/div>\n\t\t\t\t<\/div>\n\t\t\t\t<div class=\"elementor-element elementor-element-7b65e0d elementor-widget elementor-widget-heading\" data-id=\"7b65e0d\" data-element_type=\"widget\" data-widget_type=\"heading.default\">\n\t\t\t\t<div class=\"elementor-widget-container\">\n\t\t\t\t\t<h2 class=\"elementor-heading-title elementor-size-default\">Der Sommelier<\/h2>\t\t\t\t<\/div>\n\t\t\t\t<\/div>\n\t\t\t\t<div class=\"elementor-element elementor-element-61ab2a9 elementor-widget elementor-widget-heading\" data-id=\"61ab2a9\" data-element_type=\"widget\" data-widget_type=\"heading.default\">\n\t\t\t\t<div class=\"elementor-widget-container\">\n\t\t\t\t\t<p class=\"elementor-heading-title elementor-size-default\">Weine f\u00fcr Ihren Teller, Eine Einladung zur Neugierde von Morgan Gaby<\/p>\t\t\t\t<\/div>\n\t\t\t\t<\/div>\n\t\t\t\t<div class=\"elementor-element elementor-element-b9a5084 elementor-widget elementor-widget-text-editor\" data-id=\"b9a5084\" data-element_type=\"widget\" data-widget_type=\"text-editor.default\">\n\t\t\t\t<div class=\"elementor-widget-container\">\n\t\t\t\t\t\t\t\t\t<p>Morgan Gaby, ein Weinliebhaber im Dienste der G\u00e4ste, war auch Teil der Brigade des Restaurants \"Saisons\" mit Philippe Darcq, als es seinen Stern erhielt. Zuvor war er im Restaurant Guy Savoy t\u00e4tig, das mit drei Sternen ausgezeichnet und mehrfach als bestes Restaurant der Welt pr\u00e4miert wurde. Er stellt sein ganzes K\u00f6nnen in den Dienst der Gaumen der G\u00e4ste unseres korsischen Gourmetrestaurants.<\/p><p>Unser Chefsommelier f\u00fchrt eine Karte mit 800 Weinen aus aller Welt, die er zusammen mit ihrer Geschichte \u00fcber ihr Terroir und die Winzer, die ihre Herstellung erm\u00f6glicht haben, vorstellen m\u00f6chte.<\/p>\t\t\t\t\t\t\t\t<\/div>\n\t\t\t\t<\/div>\n\t\t\t\t\t<\/div>\n\t\t<\/div>\n\t\t\t\t\t<\/div>\n\t\t<\/section>\n\t\t\t\t\t<\/div>\n\t\t<\/div>\n\t\t\t\t\t<\/div>\n\t\t<\/section>\n\t\t\t\t<\/div>","protected":false},"excerpt":{"rendered":"<p>Chefkoch JUAN CARLOS P. DUR\u00c1N Korsisches Gourmetrestaurant Eine Einladung zur Entdeckung von JUAN CARLOS P. DUR\u00c1N Kreative K\u00fcche in unserem korsischen Gourmetrestaurant Chefkoch Juan Carlos P. Dur\u00e1n leitet die K\u00fcche des korsischen Gourmetrestaurants und spielt seit 2023 k\u00f6stliche Partituren auf den Klavieren. Er [...]]<\/p>","protected":false},"author":3,"featured_media":0,"parent":0,"menu_order":0,"comment_status":"closed","ping_status":"closed","template":"","meta":{"inline_featured_image":false,"footnotes":""},"class_list":["post-185","page","type-page","status-publish","hentry"],"_links":{"self":[{"href":"https:\/\/www.hotel-la-signoria.com\/de\/wp-json\/wp\/v2\/pages\/185","targetHints":{"allow":["GET"]}}],"collection":[{"href":"https:\/\/www.hotel-la-signoria.com\/de\/wp-json\/wp\/v2\/pages"}],"about":[{"href":"https:\/\/www.hotel-la-signoria.com\/de\/wp-json\/wp\/v2\/types\/page"}],"author":[{"embeddable":true,"href":"https:\/\/www.hotel-la-signoria.com\/de\/wp-json\/wp\/v2\/users\/3"}],"replies":[{"embeddable":true,"href":"https:\/\/www.hotel-la-signoria.com\/de\/wp-json\/wp\/v2\/comments?post=185"}],"version-history":[{"count":53,"href":"https:\/\/www.hotel-la-signoria.com\/de\/wp-json\/wp\/v2\/pages\/185\/revisions"}],"predecessor-version":[{"id":3843,"href":"https:\/\/www.hotel-la-signoria.com\/de\/wp-json\/wp\/v2\/pages\/185\/revisions\/3843"}],"wp:attachment":[{"href":"https:\/\/www.hotel-la-signoria.com\/de\/wp-json\/wp\/v2\/media?parent=185"}],"curies":[{"name":"wp","href":"https:\/\/api.w.org\/{rel}","templated":true}]}}